{"id":497,"date":"2021-04-28T11:05:52","date_gmt":"2021-04-28T11:05:52","guid":{"rendered":"http:\/\/www.simeceksro.cz\/?page_id=497"},"modified":"2025-02-10T07:56:08","modified_gmt":"2025-02-10T07:56:08","slug":"home","status":"publish","type":"page","link":"https:\/\/www.simeceksro.cz\/","title":{"rendered":""},"content":{"rendered":"\t\t<div data-elementor-type=\"wp-page\" data-elementor-id=\"497\" class=\"elementor elementor-497\">\n\t\t\t\t\t\t<section class=\"elementor-section elementor-top-section elementor-element elementor-element-1313e77 elementor-section-boxed elementor-section-height-default elementor-section-height-default\" data-id=\"1313e77\" data-element_type=\"section\">\n\t\t\t\t\t\t<div class=\"elementor-container elementor-column-gap-default\">\n\t\t\t\t\t<div class=\"elementor-column elementor-col-100 elementor-top-column elementor-element elementor-element-b0865f9\" data-id=\"b0865f9\" data-element_type=\"column\">\n\t\t\t<div class=\"elementor-widget-wrap elementor-element-populated\">\n\t\t\t\t\t\t<div class=\"elementor-element elementor-element-6ff7e59 elementor-widget elementor-widget-spacer\" data-id=\"6ff7e59\" data-element_type=\"widget\" data-widget_type=\"spacer.default\">\n\t\t\t\t<div class=\"elementor-widget-container\">\n\t\t\t\t\t\t\t<div class=\"elementor-spacer\">\n\t\t\t<div class=\"elementor-spacer-inner\"><\/div>\n\t\t<\/div>\n\t\t\t\t\t\t<\/div>\n\t\t\t\t<\/div>\n\t\t\t\t\t<\/div>\n\t\t<\/div>\n\t\t\t\t\t<\/div>\n\t\t<\/section>\n\t\t\t\t<section class=\"elementor-section elementor-top-section elementor-element elementor-element-d1961ac elementor-section-boxed elementor-section-height-default elementor-section-height-default\" data-id=\"d1961ac\" data-element_type=\"section\" data-settings=\"{&quot;background_background&quot;:&quot;classic&quot;}\">\n\t\t\t\t\t\t\t<div class=\"elementor-background-overlay\"><\/div>\n\t\t\t\t\t\t\t<div class=\"elementor-container elementor-column-gap-default\">\n\t\t\t\t\t<div class=\"elementor-column elementor-col-100 elementor-top-column elementor-element elementor-element-da3432f\" data-id=\"da3432f\" data-element_type=\"column\">\n\t\t\t<div class=\"elementor-widget-wrap\">\n\t\t\t\t\t\t\t<\/div>\n\t\t<\/div>\n\t\t\t\t\t<\/div>\n\t\t<\/section>\n\t\t\t\t<section class=\"elementor-section elementor-top-section elementor-element elementor-element-90fd8c8 elementor-section-boxed elementor-section-height-default elementor-section-height-default\" data-id=\"90fd8c8\" data-element_type=\"section\">\n\t\t\t\t\t\t\t<div class=\"elementor-background-overlay\"><\/div>\n\t\t\t\t\t\t\t<div class=\"elementor-container elementor-column-gap-default\">\n\t\t\t\t\t<div class=\"elementor-column elementor-col-100 elementor-top-column elementor-element elementor-element-4f42cc6\" data-id=\"4f42cc6\" data-element_type=\"column\">\n\t\t\t<div class=\"elementor-widget-wrap elementor-element-populated\">\n\t\t\t\t\t\t<div class=\"elementor-element elementor-element-37af320 elementor-widget elementor-widget-heading\" data-id=\"37af320\" data-element_type=\"widget\" data-widget_type=\"heading.default\">\n\t\t\t\t<div class=\"elementor-widget-container\">\n\t\t\t\t\t<h2 class=\"elementor-heading-title elementor-size-default\">\u00davod<\/h2>\t\t\t\t<\/div>\n\t\t\t\t<\/div>\n\t\t\t\t<div class=\"elementor-element elementor-element-51bacbe elementor-widget elementor-widget-spacer\" data-id=\"51bacbe\" data-element_type=\"widget\" data-widget_type=\"spacer.default\">\n\t\t\t\t<div class=\"elementor-widget-container\">\n\t\t\t\t\t\t\t<div class=\"elementor-spacer\">\n\t\t\t<div class=\"elementor-spacer-inner\"><\/div>\n\t\t<\/div>\n\t\t\t\t\t\t<\/div>\n\t\t\t\t<\/div>\n\t\t\t\t<div class=\"elementor-element elementor-element-23137df elementor-invisible elementor-widget elementor-widget-text-editor\" data-id=\"23137df\" data-element_type=\"widget\" data-settings=\"{&quot;_animation&quot;:&quot;fadeInDown&quot;}\" data-widget_type=\"text-editor.default\">\n\t\t\t\t<div class=\"elementor-widget-container\">\n\t\t\t\t\t\t\t\t\t<p>Spole\u010dnost \u0160ime\u010dek, spol. s r. o., je rodinnou firmou zam\u011b\u0159enou na mlet\u00ed p\u0159\u00edrodn\u00edch miner\u00e1l\u016f, kter\u00e1 m\u00e1 v\u00edce ne\u017e 60-letou tradici.<\/p><p>Spole\u010dnost po restituci na\u0161la nov\u00fd atraktivn\u00ed v\u00fdrobn\u00ed program &#8211;\u00a0<b>\u0159adu uhl\u00edkat\u00fdch l\u00e1tek (C- l\u00e1tek) pro pot\u0159eby sl\u00e9v\u00e1rensk\u00e9 praxe<\/b>, kter\u00e9 prod\u00e1v\u00e1me pod obchodn\u00edm n\u00e1zvem SIMIX 6, SIMIX 20 S a EKOSIMIX.<\/p>\t\t\t\t\t\t\t\t<\/div>\n\t\t\t\t<\/div>\n\t\t\t\t\t<\/div>\n\t\t<\/div>\n\t\t\t\t\t<\/div>\n\t\t<\/section>\n\t\t\t\t<\/div>\n\t\t","protected":false},"excerpt":{"rendered":"<p>\u00davod Spole\u010dnost \u0160ime\u010dek, spol. s r. o., je rodinnou firmou zam\u011b\u0159enou na mlet\u00ed p\u0159\u00edrodn\u00edch miner\u00e1l\u016f, kter\u00e1 m\u00e1 v\u00edce ne\u017e 60-letou tradici. Spole\u010dnost po restituci na\u0161la nov\u00fd atraktivn\u00ed v\u00fdrobn\u00ed program &#8211;&nbsp;\u0159adu uhl\u00edkat\u00fdch l\u00e1tek (C- l\u00e1tek) pro pot\u0159eby sl\u00e9v\u00e1rensk\u00e9 praxe, kter\u00e9 prod\u00e1v\u00e1me pod obchodn\u00edm n\u00e1zvem SIMIX 6, SIMIX 20 S a EKOSIMIX.<\/p>\n","protected":false},"author":1,"featured_media":0,"parent":0,"menu_order":0,"comment_status":"closed","ping_status":"closed","template":"","meta":{"neve_meta_sidebar":"","neve_meta_container":"","neve_meta_enable_content_width":"","neve_meta_content_width":0,"neve_meta_title_alignment":"","neve_meta_author_avatar":"","neve_post_elements_order":"","neve_meta_disable_header":"","neve_meta_disable_footer":"","neve_meta_disable_title":"","footnotes":""},"_links":{"self":[{"href":"https:\/\/www.simeceksro.cz\/index.php?rest_route=\/wp\/v2\/pages\/497"}],"collection":[{"href":"https:\/\/www.simeceksro.cz\/index.php?rest_route=\/wp\/v2\/pages"}],"about":[{"href":"https:\/\/www.simeceksro.cz\/index.php?rest_route=\/wp\/v2\/types\/page"}],"author":[{"embeddable":true,"href":"https:\/\/www.simeceksro.cz\/index.php?rest_route=\/wp\/v2\/users\/1"}],"replies":[{"embeddable":true,"href":"https:\/\/www.simeceksro.cz\/index.php?rest_route=%2Fwp%2Fv2%2Fcomments&post=497"}],"version-history":[{"count":86,"href":"https:\/\/www.simeceksro.cz\/index.php?rest_route=\/wp\/v2\/pages\/497\/revisions"}],"predecessor-version":[{"id":1345,"href":"https:\/\/www.simeceksro.cz\/index.php?rest_route=\/wp\/v2\/pages\/497\/revisions\/1345"}],"wp:attachment":[{"href":"https:\/\/www.simeceksro.cz\/index.php?rest_route=%2Fwp%2Fv2%2Fmedia&parent=497"}],"curies":[{"name":"wp","href":"https:\/\/api.w.org\/{rel}","templated":true}]}}