{"id":245,"date":"2021-04-29T03:36:58","date_gmt":"2021-04-29T03:36:58","guid":{"rendered":"http:\/\/www.simeceksro.cz\/?page_id=245"},"modified":"2022-05-24T11:07:15","modified_gmt":"2022-05-24T11:07:15","slug":"about","status":"publish","type":"page","link":"https:\/\/www.simeceksro.cz\/?page_id=245","title":{"rendered":"About"},"content":{"rendered":"\t\t<div data-elementor-type=\"wp-page\" data-elementor-id=\"245\" class=\"elementor elementor-245\">\n\t\t\t\t\t\t<section class=\"elementor-section elementor-top-section elementor-element elementor-element-b48ec21 elementor-section-boxed elementor-section-height-default elementor-section-height-default\" data-id=\"b48ec21\" data-element_type=\"section\">\n\t\t\t\t\t\t<div class=\"elementor-container elementor-column-gap-default\">\n\t\t\t\t\t<div class=\"elementor-column elementor-col-100 elementor-top-column elementor-element elementor-element-081ba67\" data-id=\"081ba67\" data-element_type=\"column\">\n\t\t\t<div class=\"elementor-widget-wrap elementor-element-populated\">\n\t\t\t\t\t\t<div class=\"elementor-element elementor-element-b2b5328 elementor-widget elementor-widget-spacer\" data-id=\"b2b5328\" data-element_type=\"widget\" data-widget_type=\"spacer.default\">\n\t\t\t\t<div class=\"elementor-widget-container\">\n\t\t\t\t\t\t\t<div class=\"elementor-spacer\">\n\t\t\t<div class=\"elementor-spacer-inner\"><\/div>\n\t\t<\/div>\n\t\t\t\t\t\t<\/div>\n\t\t\t\t<\/div>\n\t\t\t\t\t<\/div>\n\t\t<\/div>\n\t\t\t\t\t<\/div>\n\t\t<\/section>\n\t\t\t\t<section class=\"elementor-section elementor-top-section elementor-element elementor-element-db61ef7 elementor-section-boxed elementor-section-height-default elementor-section-height-default\" data-id=\"db61ef7\" data-element_type=\"section\">\n\t\t\t\t\t\t<div class=\"elementor-container elementor-column-gap-default\">\n\t\t\t\t\t<div class=\"elementor-column elementor-col-100 elementor-top-column elementor-element elementor-element-98ea977\" data-id=\"98ea977\" data-element_type=\"column\">\n\t\t\t<div class=\"elementor-widget-wrap elementor-element-populated\">\n\t\t\t\t\t\t<div class=\"elementor-element elementor-element-82cd467 elementor-widget elementor-widget-heading\" data-id=\"82cd467\" data-element_type=\"widget\" data-widget_type=\"heading.default\">\n\t\t\t\t<div class=\"elementor-widget-container\">\n\t\t\t\t\t<h2 class=\"elementor-heading-title elementor-size-default\">O spole\u010dnosti<\/h2>\t\t\t\t<\/div>\n\t\t\t\t<\/div>\n\t\t\t\t<div class=\"elementor-element elementor-element-825a7b7 elementor-invisible elementor-widget elementor-widget-text-editor\" data-id=\"825a7b7\" data-element_type=\"widget\" data-settings=\"{&quot;_animation&quot;:&quot;fadeInDown&quot;}\" data-widget_type=\"text-editor.default\">\n\t\t\t\t<div class=\"elementor-widget-container\">\n\t\t\t\t\t\t\t\t\t<p>Spole\u010dnost \u0160ime\u010dek, spol. s r. o., je rodinnou firmou zam\u011b\u0159enou na mlet\u00ed p\u0159\u00edrodn\u00edch miner\u00e1l\u016f, kter\u00e1 m\u00e1 v\u00edce ne\u017e 60-letou tradici. Sou\u010dasn\u00ed vlastn\u00edci z\u00edskali firmu v r\u00e1mci restitu\u010dn\u00edho \u0159\u00edzen\u00ed v pr\u016fb\u011bhu let 1990 &#8211; 91. V r\u00e1mci st\u00e1tn\u00edho podniku byl v\u00fdrobn\u00ed program zam\u011b\u0159en na v\u00fdrobu s\u00e1dry a mlet\u00e9ho v\u00e1pence.<\/p><p>Spole\u010dnost po restituci na\u0161la nov\u00fd atraktivn\u00ed v\u00fdrobn\u00ed program &#8211; \u0159adu uhl\u00edkat\u00fdch l\u00e1tek (C- l\u00e1tek) pro pot\u0159eby sl\u00e9v\u00e1rensk\u00e9 praxe, kter\u00e9 prod\u00e1v\u00e1me pod obchodn\u00edm n\u00e1zvem SIMIX 6, SIMIX 20 S a EKOSIMIX.<\/p><p><b>Spolupr\u00e1ce s V\u0160B &#8211; TU Ostrava<\/b><br \/>Firma \u0160ime\u010dek, spol. s r. o., nab\u00edz\u00ed ve spolupr\u00e1ci s katedrou sl\u00e9v\u00e1renstv\u00ed V\u0160B \u2013 TU Ostrava technickou pomoc p\u0159i \u0159\u00edzen\u00ed jakosti jednotn\u00fdch bentonitov\u00fdch sm\u011bs\u00ed, zvl\u00e1\u0161t\u011b pak z pohledu optimalizace vyu\u017eit\u00ed realizovan\u00fdch uhl\u00edkat\u00fdch p\u0159\u00edsad (nosi\u010de leskl\u00e9ho uhl\u00edku).<\/p>\t\t\t\t\t\t\t\t<\/div>\n\t\t\t\t<\/div>\n\t\t\t\t\t<\/div>\n\t\t<\/div>\n\t\t\t\t\t<\/div>\n\t\t<\/section>\n\t\t\t\t<\/div>\n\t\t","protected":false},"excerpt":{"rendered":"<p>O spole\u010dnosti Spole\u010dnost \u0160ime\u010dek, spol. s r. o., je rodinnou firmou zam\u011b\u0159enou na mlet\u00ed p\u0159\u00edrodn\u00edch miner\u00e1l\u016f, kter\u00e1 m\u00e1 v\u00edce ne\u017e 60-letou tradici. Sou\u010dasn\u00ed vlastn\u00edci z\u00edskali firmu v r\u00e1mci restitu\u010dn\u00edho \u0159\u00edzen\u00ed v pr\u016fb\u011bhu let 1990 &#8211; 91. V r\u00e1mci st\u00e1tn\u00edho podniku byl v\u00fdrobn\u00ed program zam\u011b\u0159en na v\u00fdrobu s\u00e1dry a mlet\u00e9ho v\u00e1pence. Spole\u010dnost po restituci na\u0161la nov\u00fd&hellip;&nbsp;<a href=\"https:\/\/www.simeceksro.cz\/?page_id=245\" class=\"\" rel=\"bookmark\">\u010c\u00edst d\u00e1le &raquo;<span class=\"screen-reader-text\">About<\/span><\/a><\/p>\n","protected":false},"author":1,"featured_media":0,"parent":0,"menu_order":0,"comment_status":"closed","ping_status":"closed","template":"page-templates\/template-pagebuilder-full-width.php","meta":{"neve_meta_sidebar":"","neve_meta_container":"","neve_meta_enable_content_width":"","neve_meta_content_width":0,"neve_meta_title_alignment":"","neve_meta_author_avatar":"","neve_post_elements_order":"","neve_meta_disable_header":"","neve_meta_disable_footer":"","neve_meta_disable_title":"","footnotes":""},"_links":{"self":[{"href":"https:\/\/www.simeceksro.cz\/index.php?rest_route=\/wp\/v2\/pages\/245"}],"collection":[{"href":"https:\/\/www.simeceksro.cz\/index.php?rest_route=\/wp\/v2\/pages"}],"about":[{"href":"https:\/\/www.simeceksro.cz\/index.php?rest_route=\/wp\/v2\/types\/page"}],"author":[{"embeddable":true,"href":"https:\/\/www.simeceksro.cz\/index.php?rest_route=\/wp\/v2\/users\/1"}],"replies":[{"embeddable":true,"href":"https:\/\/www.simeceksro.cz\/index.php?rest_route=%2Fwp%2Fv2%2Fcomments&post=245"}],"version-history":[{"count":13,"href":"https:\/\/www.simeceksro.cz\/index.php?rest_route=\/wp\/v2\/pages\/245\/revisions"}],"predecessor-version":[{"id":1277,"href":"https:\/\/www.simeceksro.cz\/index.php?rest_route=\/wp\/v2\/pages\/245\/revisions\/1277"}],"wp:attachment":[{"href":"https:\/\/www.simeceksro.cz\/index.php?rest_route=%2Fwp%2Fv2%2Fmedia&parent=245"}],"curies":[{"name":"wp","href":"https:\/\/api.w.org\/{rel}","templated":true}]}}